{"id":946,"date":"2020-11-17T10:14:08","date_gmt":"2020-11-17T13:14:08","guid":{"rendered":"http:\/\/site2.grancafeexport.com.br\/?page_id=946"},"modified":"2023-05-22T10:14:29","modified_gmt":"2023-05-22T13:14:29","slug":"produtos","status":"publish","type":"page","link":"https:\/\/www.grancafe.com.br\/?page_id=946","title":{"rendered":"Produtos"},"content":{"rendered":"<div class=\"vc_row wpb_row vc_row-fluid vc_custom_1613060959601\"><div class=\"nt-column col-sm-12\"><div class=\"nt-shortcode-wrapper \"><div class=\"section section--dark-bg jarallax section_69da0f9c9e3f0\" data-speed=\"0.5\" data-img-position=\"50% 80%\" data-res-css=\"             \"><img src=\"https:\/\/www.grancafe.com.br\/wp-content\/uploads\/2023\/02\/Fundo_Produtos-1920x480.jpg\" class=\"jarallax-img\" alt=\"Fundo_Produtos.jpg\"><div class=\"container\"><div class=\"row\"><div class=\"col-12 col-md-8 col-lg-6\"><div data-aos=\"fade-left\" data-aos-easing=\"ease-out-quad\" data-aos-duration=\"700\"><h1 class=\"text-white\">PRODUTOS <br><span><\/span><\/h1><p class=\"text-white\"><\/p><\/div><\/div><\/div><\/div><div class=\"py-4 py-lg-10\"><\/div><\/div><\/div><\/div><\/div><div class=\"container\"><div class=\"agro-section-wrapper vc_row-o-full-height columns-middle vc_row-o-equal-height content-middle content-flex vc_column-gap-30\"><div class=\"row\"><div class=\"nt-column col-sm-6\"><div class=\"nt-shortcode-wrapper \">\n\t<div  class=\"wpb_single_image wpb_content_element vc_align_right\">\n\t\t\n\t\t<figure class=\"wpb_wrapper vc_figure\">\n\t\t\t<div class=\"vc_single_image-wrapper   vc_box_border_grey\"><img class=\"vc_single_image-img \" src=\"https:\/\/www.grancafe.com.br\/wp-content\/uploads\/2023\/05\/cafe_maior2.webp\" width=\"600\" height=\"470\" alt=\"\" title=\"\" \/><\/div>\n\t\t<\/figure>\n\t<\/div>\n<\/div><\/div><div class=\"nt-column col-sm-6\"><div class=\"nt-shortcode-wrapper vc_custom_1649686317109\">\n\t<div class=\"wpb_text_column wpb_content_element \" >\n\t\t<div class=\"wpb_wrapper\">\n\t\t\t<h3>Caf\u00e9\/Coffee<\/h3>\n<p>O caf\u00e9 \u00e9 uma das bebidas mais consumidas em todo o mundo. O conilon, principal fonte de renda das propriedades rurais capixabas, com o seu sabor ex\u00f3tico, conquista o paladar de milhares de pessoas das mais variadas culturas pelo mundo.<\/p>\n<p>Al\u00e9m de uma saborosa bebida, tamb\u00e9m traz diversos benef\u00edcios para a sa\u00fade: estimula a digest\u00e3o, alivia o estresse e faz bem ao cora\u00e7\u00e3o.<\/p>\n\n\t\t<\/div>\n\t<\/div>\n<\/div><\/div><\/div><\/div><\/div><div class=\"nt_clearfix\"><\/div><div class=\"container\"><div class=\"agro-section-wrapper vc_row-o-full-height columns-middle vc_row-o-equal-height content-middle content-flex vc_column-gap-30\"><div class=\"row\"><div class=\"nt-column col-sm-6\"><div class=\"nt-shortcode-wrapper vc_custom_1649686951538\">\n\t<div class=\"wpb_text_column wpb_content_element \" >\n\t\t<div class=\"wpb_wrapper\">\n\t\t\t<h3>Pimenta\/Black Pepper<\/h3>\n<p>Tamb\u00e9m conhecida como Piper nigrum, \u00e9 uma das mais antigas e conhecidas especiarias do mundo. Origin\u00e1ria da \u00cdndia \u00e9 comercializada mundialmente, tendo o Brasil um dos seus principais produtores.<\/p>\n<p>Al\u00e9m de apresentar propriedades medicinais, \u00e9 utilizada como condimento, levando aroma e sabor aos mais diversos pratos.<\/p>\n<p>No Esp\u00edrito Santo, a pipericultura concentra-se na regi\u00e3o Norte.<\/p>\n\n\t\t<\/div>\n\t<\/div>\n<\/div><\/div><div class=\"nt-column col-sm-6\"><div class=\"nt-shortcode-wrapper \">\n\t<div  class=\"wpb_single_image wpb_content_element vc_align_right\">\n\t\t\n\t\t<figure class=\"wpb_wrapper vc_figure\">\n\t\t\t<div class=\"vc_single_image-wrapper   vc_box_border_grey\"><img class=\"vc_single_image-img \" src=\"https:\/\/www.grancafe.com.br\/wp-content\/uploads\/2023\/05\/pimenta_maior3.jpg\" width=\"600\" height=\"470\" alt=\"\" title=\"\" \/><\/div>\n\t\t<\/figure>\n\t<\/div>\n<\/div><\/div><\/div><\/div><\/div><div class=\"nt_clearfix\"><\/div><div class=\"container\"><div class=\"agro-section-wrapper vc_row-o-full-height columns-middle vc_row-o-equal-height content-middle content-flex vc_column-gap-30\"><div class=\"row\"><div class=\"nt-column col-sm-6\"><div class=\"nt-shortcode-wrapper \">\n\t<div  class=\"wpb_single_image wpb_content_element vc_align_left\">\n\t\t\n\t\t<figure class=\"wpb_wrapper vc_figure\">\n\t\t\t<div class=\"vc_single_image-wrapper   vc_box_border_grey\"><img class=\"vc_single_image-img \" src=\"https:\/\/www.grancafe.com.br\/wp-content\/uploads\/2023\/02\/cacau_maior.jpg\" width=\"600\" height=\"470\" alt=\"\" title=\"\" \/><\/div>\n\t\t<\/figure>\n\t<\/div>\n<\/div><\/div><div class=\"nt-column col-sm-6\"><div class=\"nt-shortcode-wrapper vc_custom_1649686317109\">\n\t<div class=\"wpb_text_column wpb_content_element \" >\n\t\t<div class=\"wpb_wrapper\">\n\t\t\t<h3>Cacau\/Cocoa<\/h3>\n<p>Um dos produtos mais adorados no mundo todo por se apresentar como a mat\u00e9ria prima para o chocolate. Al\u00e9m do consumo in natura, o gr\u00e3o pode ser utilizado como ch\u00e1, nibs, mel e no preparo de geleias e licores.<\/p>\n<p>Origin\u00e1rio da chuvosa bacia do rio Amazonas, na Am\u00e9rica do Sul, possui duas fases de produ\u00e7\u00e3o: tempor\u00e3o e safra. O Brasil \u00e9 um dos maiores produtores de cacau.<\/p>\n\n\t\t<\/div>\n\t<\/div>\n<\/div><\/div><\/div><\/div><\/div><div class=\"nt_clearfix\"><\/div><div class=\"container\"><div class=\"agro-section-wrapper vc_row-o-full-height columns-middle vc_row-o-equal-height content-middle content-flex vc_column-gap-30\"><div class=\"row\"><div class=\"nt-column col-sm-6\"><div class=\"nt-shortcode-wrapper vc_custom_1649686951538\">\n\t<div class=\"wpb_text_column wpb_content_element \" >\n\t\t<div class=\"wpb_wrapper\">\n\t\t\t<h3>Cravo\/Clove<\/h3>\n<p>Seu produto de valor comercial \u00e9 a flor desidratada. Al\u00e9m de ser empregado na culin\u00e1ria como condimento para diversos pratos, \u00e9 ben\u00e9fico para a sa\u00fade, devido a suas propriedades medicinais.<\/p>\n<p>No Brasil, possui grande presen\u00e7a no sul da Bahia, devido \u00e0s condi\u00e7\u00f5es favor\u00e1veis de solo e clima.<\/p>\n\n\t\t<\/div>\n\t<\/div>\n<\/div><\/div><div class=\"nt-column col-sm-6\"><div class=\"nt-shortcode-wrapper \">\n\t<div  class=\"wpb_single_image wpb_content_element vc_align_left\">\n\t\t\n\t\t<figure class=\"wpb_wrapper vc_figure\">\n\t\t\t<div class=\"vc_single_image-wrapper   vc_box_border_grey\"><img class=\"vc_single_image-img \" src=\"https:\/\/www.grancafe.com.br\/wp-content\/uploads\/2023\/05\/cravo_maior2.webp\" width=\"600\" height=\"470\" alt=\"\" title=\"\" \/><\/div>\n\t\t<\/figure>\n\t<\/div>\n<\/div><\/div><\/div><\/div><\/div><div class=\"nt_clearfix\"><\/div><div class=\"vc_row wpb_row vc_row-fluid\"><div class=\"nt-column col-sm-12\"><div class=\"nt-shortcode-wrapper \"><div class=\"vc_empty_space\"   style=\"height: 32px\"><span class=\"vc_empty_space_inner\"><\/span><\/div><\/div><\/div><\/div>\n","protected":false},"excerpt":{"rendered":"PRODUTOS Caf\u00e9\/Coffee O caf\u00e9 \u00e9 uma das bebidas mais consumidas em todo o mundo. O conilon, principal fonte de renda das propriedades rurais capixabas, com o seu sabor ex\u00f3tico, conquista o paladar de milhares de pessoas das mais variadas culturas pelo mundo. Al\u00e9m de uma saborosa bebida, tamb\u00e9m traz diversos benef\u00edcios para a sa\u00fade: estimula...","protected":false},"author":1,"featured_media":0,"parent":0,"menu_order":0,"comment_status":"closed","ping_status":"closed","template":"custom-page.php","meta":[],"_links":{"self":[{"href":"https:\/\/www.grancafe.com.br\/index.php?rest_route=\/wp\/v2\/pages\/946"}],"collection":[{"href":"https:\/\/www.grancafe.com.br\/index.php?rest_route=\/wp\/v2\/pages"}],"about":[{"href":"https:\/\/www.grancafe.com.br\/index.php?rest_route=\/wp\/v2\/types\/page"}],"author":[{"embeddable":true,"href":"https:\/\/www.grancafe.com.br\/index.php?rest_route=\/wp\/v2\/users\/1"}],"replies":[{"embeddable":true,"href":"https:\/\/www.grancafe.com.br\/index.php?rest_route=%2Fwp%2Fv2%2Fcomments&post=946"}],"version-history":[{"count":29,"href":"https:\/\/www.grancafe.com.br\/index.php?rest_route=\/wp\/v2\/pages\/946\/revisions"}],"predecessor-version":[{"id":1916,"href":"https:\/\/www.grancafe.com.br\/index.php?rest_route=\/wp\/v2\/pages\/946\/revisions\/1916"}],"wp:attachment":[{"href":"https:\/\/www.grancafe.com.br\/index.php?rest_route=%2Fwp%2Fv2%2Fmedia&parent=946"}],"curies":[{"name":"wp","href":"https:\/\/api.w.org\/{rel}","templated":true}]}}