{"id":1788,"date":"2023-05-15T19:09:23","date_gmt":"2023-05-15T22:09:23","guid":{"rendered":"http:\/\/www.grancafe.com.br\/produtos-copy\/"},"modified":"2023-05-22T11:12:05","modified_gmt":"2023-05-22T14:12:05","slug":"canais-de-atendimento","status":"publish","type":"page","link":"https:\/\/www.grancafe.com.br\/?page_id=1788","title":{"rendered":"Canais de atendimento"},"content":{"rendered":"<div class=\"vc_row wpb_row vc_row-fluid\"><div class=\"nt-column col-sm-12\"><div class=\"nt-shortcode-wrapper vc_custom_1684765392024\"><div class=\"section section--dark-bg jarallax section_69d9fbf00fa15\" data-speed=\"0.5\" data-img-position=\"50% 80%\" data-res-css=\"             \"><img src=\"https:\/\/www.grancafe.com.br\/wp-content\/uploads\/2023\/05\/Fundo_canais2-1920x480.jpg\" class=\"jarallax-img\" alt=\"Fundo_canais2.jpg\"><div class=\"container\"><div class=\"row\"><div class=\"col-12 col-md-8 col-lg-6\"><div data-aos=\"fade-left\" data-aos-easing=\"ease-out-quad\" data-aos-duration=\"700\"><h1 class=\"text-white\">CANAIS DE ATENDIMENTO <br><span><\/span><\/h1><p class=\"text-white\"><\/p><\/div><\/div><\/div><\/div><div class=\"py-4 py-lg-10\"><\/div><\/div><div class=\"section-heading section-heading--center item_69d9fbf010048\" data-res-css=\"   .section-heading.item_69d9fbf010048 .__title {color: #5a1919; } .section-heading.item_69d9fbf010048 .__title span{color: #5a1919; } \"><h2 class=\"__title\">POL\u00cdTICA DE CONDUTA <span>EMPRESARIAL RESPONS\u00c1VEL<\/span><\/h2><\/div><\/div><\/div><\/div><div class=\"container\"><div class=\"agro-section-wrapper\"><div class=\"row\"><div class=\"nt-column col-sm-6\"><div class=\"nt-shortcode-wrapper \"><div class=\"section item_69d9fbf0107ed\" data-res-css=\"             \"><div class=\"container\"><div class=\"row\"><div class=\"col-12 col-lg-6\"><h3 class=\"info-heading\">PROTE\u00c7\u00c3O AMBIENTAL <span><\/span><\/h3>A GRANCAF\u00c9 comprometida com sua responsabilidade social e \u00e9tica cumpre integralmente a legisla\u00e7\u00e3o ambiental em \u00e2mbito municipal, estadual e federal aplic\u00e1vel aos seus processos.<\/p>\n<p>E busca contribuir com a\u00e7\u00f5es para prote\u00e7\u00e3o ambiental e da biodiversidade, preven\u00e7\u00e3o do desmatamento, destina\u00e7\u00e3o correta de res\u00edduos e gest\u00e3o de \u00e1guas residuais, seja em suas depend\u00eancias ou influenciando fornecedores.<\/div><div class=\"col-12 my-3 d-lg-none\"><\/div><div class=\"col-12 col-lg-6\"><img src=\"https:\/\/www.grancafe.com.br\/wp-content\/uploads\/2023\/05\/Protecao.png\" class=\"img-fluid\" alt=\"Protecao.png\"><\/div><\/div><\/div><\/div><div class=\"section item_69d9fbf010d7a\" data-res-css=\"             \"><div class=\"container\"><div class=\"row\"><div class=\"col-12 col-lg-6\"><h3 class=\"info-heading\">QUEST\u00d5ES TRABALHISTAS, LIBERDADE DE ASSOCIA\u00c7\u00c3O, TRABALHO FOR\u00c7ADO E TRABALHO INFANTIL <span><\/span><\/h3>A GRANCAF\u00c9 n\u00e3o tolera nenhum tipo de trabalho for\u00e7ado ou trabalho infantil, seja em suas plantas industriais, fazendas ou produtores que fornecem mat\u00e9rias-primas.<\/p>\n<p>Cumpre devidamente o previsto na legisla\u00e7\u00e3o trabalhista quanto a quest\u00f5es salariais e horas de trabalho, exigindo que os prestadores de servi\u00e7o fa\u00e7am o mesmo com seus subcontratados.<\/p>\n<p>Informa aos seus colabores sobre seus direitos quando a liberdade de associa\u00e7\u00e3o.<\/div><div class=\"col-12 my-3 d-lg-none\"><\/div><div class=\"col-12 col-lg-6\"><img src=\"https:\/\/www.grancafe.com.br\/wp-content\/uploads\/2023\/05\/Trabalhista.png\" class=\"img-fluid\" alt=\"Trabalhista.png\"><\/div><\/div><\/div><\/div><\/div><\/div><div class=\"nt-column col-sm-6\"><div class=\"nt-shortcode-wrapper \"><div class=\"section item_69d9fbf011487\" data-res-css=\"             \"><div class=\"container\"><div class=\"row\"><div class=\"col-12 col-lg-6\"><h3 class=\"info-heading\">IGUALDADE DE G\u00caNERO E EMPODERAMENTO FEMININO <span><\/span><\/h3>A Grancaf\u00e9 implementa medidas para prevenir o preconceito por g\u00eanero atrav\u00e9s da conscientiza\u00e7\u00e3o sobre igualdade de g\u00eanero e empoderamento de mulheres, n\u00e3o tolerando qualquer tipo de preconceito.<\/p>\n<p>Em casos de den\u00fancia de viol\u00eancia ou discrimina\u00e7\u00e3o, o comit\u00ea envolve-se com a finalidade de buscar remedia\u00e7\u00e3o.<\/div><div class=\"col-12 my-3 d-lg-none\"><\/div><div class=\"col-12 col-lg-6\"><img src=\"https:\/\/www.grancafe.com.br\/wp-content\/uploads\/2023\/05\/Igualdade.png\" class=\"img-fluid\" alt=\"Igualdade.png\"><\/div><\/div><\/div><\/div><div class=\"section item_69d9fbf01185b\" data-res-css=\"             \"><div class=\"container\"><div class=\"row\"><div class=\"col-12 col-lg-6\"><h3 class=\"info-heading\">DISCRIMINA\u00c7\u00c3O, VIOL\u00caNCIA OU ASS\u00c9DIO DE QUALQUER TIPO <span><\/span><\/h3>A GRANCAF\u00c9 n\u00e3o admite em suas depend\u00eancias viol\u00eancia, ass\u00e9dio sexual ou moral e nem discrimina\u00e7\u00e3o de nenhum tipo, seja racial, de g\u00eanero, etnia ou religiosa;<\/p>\n<p>Em casos de den\u00fancia de viol\u00eancia ou discrimina\u00e7\u00e3o, o comit\u00ea envolve-se com a finalidade de buscar remedia\u00e7\u00e3o.<\/div><div class=\"col-12 my-3 d-lg-none\"><\/div><div class=\"col-12 col-lg-6\"><img src=\"https:\/\/www.grancafe.com.br\/wp-content\/uploads\/2023\/05\/Discriminacao.png\" class=\"img-fluid\" alt=\"Discriminacao.png\"><\/div><\/div><\/div><\/div><\/div><\/div><\/div><\/div><\/div><div class=\"nt_clearfix\"><\/div><div class=\"container\"><div class=\"agro-section-wrapper\"><div class=\"row\"><div class=\"nt-column col-sm-6\"><div class=\"nt-shortcode-wrapper \"><\/div><\/div><div class=\"nt-column col-sm-6\"><div class=\"nt-shortcode-wrapper \"><\/div><\/div><\/div><\/div><\/div><div class=\"nt_clearfix\"><\/div><div class=\"agro-section-wrapper vc_custom_1684765350483 nt-has-fill\"><div class=\"container container-stretch\"><div class=\"row\"><div class=\"nt-column col-sm-12\"><div class=\"nt-shortcode-wrapper \"><div class=\"section-heading section-heading--center item_69d9fbf012d34\" data-res-css=\"   .section-heading.item_69d9fbf012d34 .__title {color: #5a1919; } .section-heading.item_69d9fbf012d34 .__title span{color: #5a1919; } .section-heading.item_69d9fbf012d34 p{color: #5a1919; }\"><h2 class=\"__title\">Denuncie <span>m\u00e1s condi\u00e7\u00f5es de trabalho:<\/span><\/h2><\/div><\/div><\/div><\/div><\/div><\/div><div class=\"nt_clearfix\"><\/div><div id=\"section-fale-conosco\" class=\"agro-section-wrapper section section--dark-bg\"><div class=\"container container-stretch\"><div class=\"row\"><div class=\"nt-column col-sm-6\"><div class=\"nt-shortcode-wrapper \"><div class=\"section-heading section-heading--center item_69d9fbf013617\" data-res-css=\"   .section-heading.item_69d9fbf013617 .__title {color: #ffffff; } .section-heading.item_69d9fbf013617 .__title span{color: #ffffff; } .section-heading.item_69d9fbf013617 p{color: #ffffff; }\"><h3 class=\"__title\">OUVIDORIA <span><\/span><\/h3><\/div>\n<div class=\"wpcf7 no-js\" id=\"wpcf7-f1806-o1\" lang=\"en-US\" dir=\"ltr\">\n<div class=\"screen-reader-response\"><p role=\"status\" aria-live=\"polite\" aria-atomic=\"true\"><\/p> <ul><\/ul><\/div>\n<form action=\"\/index.php?rest_route=%2Fwp%2Fv2%2Fpages%2F1788#wpcf7-f1806-o1\" method=\"post\" class=\"wpcf7-form init\" aria-label=\"Contact form\" novalidate=\"novalidate\" data-status=\"init\">\n<div style=\"display: none;\">\n<input type=\"hidden\" name=\"_wpcf7\" value=\"1806\" \/>\n<input type=\"hidden\" name=\"_wpcf7_version\" value=\"5.7.7\" \/>\n<input type=\"hidden\" name=\"_wpcf7_locale\" value=\"en_US\" \/>\n<input type=\"hidden\" name=\"_wpcf7_unit_tag\" value=\"wpcf7-f1806-o1\" \/>\n<input type=\"hidden\" name=\"_wpcf7_container_post\" value=\"0\" \/>\n<input type=\"hidden\" name=\"_wpcf7_posted_data_hash\" value=\"\" \/>\n<\/div>\n<div class=\"contact-form js-contact-form\" data-aos=\"fade\">\n\t<div class=\"row\">\n\t\t<div class=\"col-12 col-md-6\">\n\t\t\t<div class=\"input-wrp\">\n\t\t\t\t<p><span class=\"wpcf7-form-control-wrap\" data-name=\"text-787\"><input size=\"40\" class=\"wpcf7-form-control wpcf7-text wpcf7-validates-as-required textfield\" aria-required=\"true\" aria-invalid=\"false\" placeholder=\"Nome\" value=\"\" type=\"text\" name=\"text-787\" \/><\/span>\n\t\t\t\t<\/p>\n\t\t\t<\/div>\n\t\t<\/div>\n\t\t<div class=\"col-12 col-md-6\">\n\t\t\t<div class=\"input-wrp\">\n\t\t\t\t<p><span class=\"wpcf7-form-control-wrap\" data-name=\"text-787\"><input size=\"40\" class=\"wpcf7-form-control wpcf7-text wpcf7-validates-as-required textfield\" aria-required=\"true\" aria-invalid=\"false\" placeholder=\"E-mail\" value=\"\" type=\"text\" name=\"text-787\" \/><\/span>\n\t\t\t\t<\/p>\n\t\t\t<\/div>\n\t\t<\/div>\n\t<\/div>\n\t<div class=\"input-wrp\">\n\t\t<p><span class=\"wpcf7-form-control-wrap\" data-name=\"textarea-212\"><textarea cols=\"10\" rows=\"2\" class=\"wpcf7-form-control wpcf7-textarea wpcf7-validates-as-required textfield\" aria-required=\"true\" aria-invalid=\"false\" placeholder=\"Comentarios\" name=\"textarea-212\"><\/textarea><\/span>\n\t\t<\/p>\n\t<\/div>\n\t<p><input class=\"wpcf7-form-control has-spinner wpcf7-submit custom-btn custom-btn--medium custom-btn--style-3 wide send-form-btn\" type=\"submit\" value=\"Enviar\" \/>\n\t<\/p>\n<\/div><div class=\"wpcf7-response-output\" aria-hidden=\"true\"><\/div>\n<\/form>\n<\/div>\n<\/div><\/div><div class=\"nt-column col-sm-6\"><div class=\"nt-shortcode-wrapper \"><div class=\"section section_69d9fbf0210ab\" data-res-css=\"   .section.section_69d9fbf0210ab .section-heading .__title {color: #ffffff; } .section.section_69d9fbf0210ab .section-heading .__title span{color: #ffffff; } .section.section_69d9fbf0210ab .section-heading p{color: #ffffff; } .section.section_69d9fbf0210ab .feature--style-2 .__item .__title {color: #ffffff; } .section.section_69d9fbf0210ab .feature--style-2 .__item p {color: #ffffff; }\"><div class=\"container\"><div class=\"feature feature--style-2\"><div class=\"__inner\"><div class=\"row\"><div class=\"col-12 col-md-6 col-lg-6\"><div class=\"__item\"><i class=\"__ico\"><img src=\"https:\/\/www.grancafe.com.br\/wp-content\/uploads\/2023\/05\/Tel.png\" class=\"img-fluid\" alt=\"Tel.png\"><\/i><h5 class=\"__title\">27 2103-0100<\/h5><\/div><\/div><div class=\"col-12 col-md-6 col-lg-6\"><div class=\"__item\"><i class=\"__ico\"><img src=\"https:\/\/www.grancafe.com.br\/wp-content\/uploads\/2023\/05\/Cel.png\" class=\"img-fluid\" alt=\"Cel.png\"><\/i><h5 class=\"__title\">27 99860-0024<\/h5><\/div><\/div><div class=\"col-12 col-md-6 col-lg-6\"><div class=\"__item\"><i class=\"__ico\"><img src=\"https:\/\/www.grancafe.com.br\/wp-content\/uploads\/2023\/05\/Email.png\" class=\"img-fluid\" alt=\"Email.png\"><\/i><h5 class=\"__title\">ouvidoria@grancafe.com.br<\/h5><\/div><\/div><\/div><\/div><\/div><\/div><\/div><\/div><\/div><\/div><\/div><\/div><div class=\"nt_clearfix\"><\/div>\n","protected":false},"excerpt":{"rendered":"CANAIS DE ATENDIMENTO POL\u00cdTICA DE CONDUTA EMPRESARIAL RESPONS\u00c1VELPROTE\u00c7\u00c3O AMBIENTAL A GRANCAF\u00c9 comprometida com sua responsabilidade social e \u00e9tica cumpre integralmente a legisla\u00e7\u00e3o ambiental em \u00e2mbito municipal, estadual e federal aplic\u00e1vel aos seus processos. E busca contribuir com a\u00e7\u00f5es para prote\u00e7\u00e3o ambiental e da biodiversidade, preven\u00e7\u00e3o do desmatamento, destina\u00e7\u00e3o correta de res\u00edduos e gest\u00e3o de \u00e1guas...","protected":false},"author":2,"featured_media":0,"parent":0,"menu_order":0,"comment_status":"closed","ping_status":"closed","template":"custom-page.php","meta":[],"_links":{"self":[{"href":"https:\/\/www.grancafe.com.br\/index.php?rest_route=\/wp\/v2\/pages\/1788"}],"collection":[{"href":"https:\/\/www.grancafe.com.br\/index.php?rest_route=\/wp\/v2\/pages"}],"about":[{"href":"https:\/\/www.grancafe.com.br\/index.php?rest_route=\/wp\/v2\/types\/page"}],"author":[{"embeddable":true,"href":"https:\/\/www.grancafe.com.br\/index.php?rest_route=\/wp\/v2\/users\/2"}],"replies":[{"embeddable":true,"href":"https:\/\/www.grancafe.com.br\/index.php?rest_route=%2Fwp%2Fv2%2Fcomments&post=1788"}],"version-history":[{"count":30,"href":"https:\/\/www.grancafe.com.br\/index.php?rest_route=\/wp\/v2\/pages\/1788\/revisions"}],"predecessor-version":[{"id":1875,"href":"https:\/\/www.grancafe.com.br\/index.php?rest_route=\/wp\/v2\/pages\/1788\/revisions\/1875"}],"wp:attachment":[{"href":"https:\/\/www.grancafe.com.br\/index.php?rest_route=%2Fwp%2Fv2%2Fmedia&parent=1788"}],"curies":[{"name":"wp","href":"https:\/\/api.w.org\/{rel}","templated":true}]}}