{"id":1045,"date":"2021-02-11T12:20:37","date_gmt":"2021-02-11T15:20:37","guid":{"rendered":"http:\/\/site2.grancafeexport.com.br\/?page_id=1045"},"modified":"2025-01-22T10:29:22","modified_gmt":"2025-01-22T13:29:22","slug":"empresa","status":"publish","type":"page","link":"https:\/\/www.grancafe.com.br\/?page_id=1045","title":{"rendered":"Empresa"},"content":{"rendered":"<div class=\"vc_row wpb_row vc_row-fluid\"><div class=\"nt-column col-sm-12\"><div class=\"nt-shortcode-wrapper vc_custom_1613060283144\"><div class=\"section section--dark-bg jarallax section_69d9fd5e8d944\" data-speed=\"0.5\" data-img-position=\"50% 80%\" data-res-css=\"   .section.section_69d9fd5e8d944 .text-white {color: rgba(90,25,25,0.9) !important; }          \"><img src=\"https:\/\/www.grancafe.com.br\/wp-content\/uploads\/2023\/02\/Banner_Empresa.jpg\" class=\"jarallax-img\" alt=\"Banner_Empresa.jpg\"><div class=\"container\"><div class=\"row\"><div class=\"col-12 col-md-8 col-lg-6\"><div data-aos=\"fade-left\" data-aos-easing=\"ease-out-quad\" data-aos-duration=\"700\"><h1 class=\"text-white\">UM POUCO DA HIST\u00d3RIA DA GRANCAF\u00c9 <br><span><\/span><\/h1><p class=\"text-white\"><\/p><\/div><\/div><\/div><\/div><div class=\"py-4 py-lg-10\"><\/div><\/div><\/div><\/div><\/div><div class=\"container\"><div class=\"agro-section-wrapper vc_custom_1647279331355 vc_row-o-equal-height content-middle content-flex\"><div class=\"row\"><div class=\"nt-column col-sm-8\"><div class=\"nt-shortcode-wrapper \">\n\t<div class=\"wpb_text_column wpb_content_element \" >\n\t\t<div class=\"wpb_wrapper\">\n\t\t\t<p>A Grancaf\u00e9 \u00e9 uma empresa familiar brasileira focada no agroneg\u00f3cio com quase 40 anos de uma s\u00f3lida experi\u00eancia na comercializa\u00e7\u00e3o de caf\u00e9, pimenta-do-reino, cacau e cravo-da-\u00edndia. Sua meta \u00e9 entregar ao mercado produtos dentro dos mais altos padr\u00f5es de qualidade, sustentabilidade, rastreabilidade e seguran\u00e7a alimentar. Sendo assim, conta com uma infraestrutura de ponta dedicada ao beneficiamento e armazenamento de gr\u00e3os alinhado ao estreito relacionamento que mant\u00e9m com sua base de fornecedores.<\/p>\n<p>Em constante evolu\u00e7\u00e3o, a Grancaf\u00e9 conta com 5 filiais:<\/p>\n<ul>\n<li>Jaguar\u00e9 (ES)<\/li>\n<li>S\u00e3o Mateus (ES)<\/li>\n<li>Castanhal (PA)<\/li>\n<li>Itabela (BA)<\/li>\n<li>Varginha (MG)<\/li>\n<\/ul>\n\n\t\t<\/div>\n\t<\/div>\n<\/div><\/div><div class=\"nt-column col-sm-4\"><div class=\"nt-shortcode-wrapper \">\n\t<div  class=\"wpb_single_image wpb_content_element vc_align_center\">\n\t\t\n\t\t<figure class=\"wpb_wrapper vc_figure\">\n\t\t\t<div class=\"vc_single_image-wrapper   vc_box_border_grey\"><img width=\"300\" height=\"74\" src=\"https:\/\/www.grancafe.com.br\/wp-content\/uploads\/2021\/07\/Logo-300x74.png\" class=\"vc_single_image-img attachment-medium\" alt=\"\" decoding=\"async\" loading=\"lazy\" srcset=\"https:\/\/www.grancafe.com.br\/wp-content\/uploads\/2021\/07\/Logo-300x74.png 300w, https:\/\/www.grancafe.com.br\/wp-content\/uploads\/2021\/07\/Logo-120x29.png 120w, https:\/\/www.grancafe.com.br\/wp-content\/uploads\/2021\/07\/Logo-240x59.png 240w, https:\/\/www.grancafe.com.br\/wp-content\/uploads\/2021\/07\/Logo-360x88.png 360w, https:\/\/www.grancafe.com.br\/wp-content\/uploads\/2021\/07\/Logo-480x118.png 480w, https:\/\/www.grancafe.com.br\/wp-content\/uploads\/2021\/07\/Logo-600x147.png 600w, https:\/\/www.grancafe.com.br\/wp-content\/uploads\/2021\/07\/Logo.png 624w\" sizes=\"(max-width: 300px) 100vw, 300px\" \/><\/div>\n\t\t<\/figure>\n\t<\/div>\n<\/div><\/div><\/div><\/div><\/div><div class=\"nt_clearfix\"><\/div><div class=\"container\"><div class=\"agro-section-wrapper\"><div class=\"row\"><div class=\"nt-column col-sm-4\"><div class=\"nt-shortcode-wrapper vc_custom_1613060319682\">\n\t<div  class=\"wpb_single_image wpb_content_element vc_align_center\">\n\t\t\n\t\t<figure class=\"wpb_wrapper vc_figure\">\n\t\t\t<div class=\"vc_single_image-wrapper   vc_box_border_grey\"><img width=\"142\" height=\"142\" src=\"https:\/\/www.grancafe.com.br\/wp-content\/uploads\/2023\/05\/missao.png\" class=\"vc_single_image-img attachment-thumbnail\" alt=\"\" decoding=\"async\" loading=\"lazy\" srcset=\"https:\/\/www.grancafe.com.br\/wp-content\/uploads\/2023\/05\/missao.png 142w, https:\/\/www.grancafe.com.br\/wp-content\/uploads\/2023\/05\/missao-12x12.png 12w, https:\/\/www.grancafe.com.br\/wp-content\/uploads\/2023\/05\/missao-120x120.png 120w\" sizes=\"(max-width: 142px) 100vw, 142px\" \/><\/div>\n\t\t<\/figure>\n\t<\/div>\n<div class=\"vc_empty_space\"   style=\"height: 20px\"><span class=\"vc_empty_space_inner\"><\/span><\/div>\n\t<div class=\"wpb_text_column wpb_content_element \" >\n\t\t<div class=\"wpb_wrapper\">\n\t\t\t<h3 style=\"text-align: center;\">MISS\u00c3O<\/h3>\n<p style=\"text-align: center;\">Entregar qualidade e firmar parcerias s\u00f3lidas com nossos clientes e fornecedores, prezando pelas oportunidades e desenvolvimento do produtor rural.<\/p>\n\n\t\t<\/div>\n\t<\/div>\n<\/div><\/div><div class=\"nt-column col-sm-4\"><div class=\"nt-shortcode-wrapper \">\n\t<div  class=\"wpb_single_image wpb_content_element vc_align_center\">\n\t\t\n\t\t<figure class=\"wpb_wrapper vc_figure\">\n\t\t\t<div class=\"vc_single_image-wrapper   vc_box_border_grey\"><img width=\"142\" height=\"142\" src=\"https:\/\/www.grancafe.com.br\/wp-content\/uploads\/2023\/05\/visao.png\" class=\"vc_single_image-img attachment-thumbnail\" alt=\"\" decoding=\"async\" loading=\"lazy\" srcset=\"https:\/\/www.grancafe.com.br\/wp-content\/uploads\/2023\/05\/visao.png 142w, https:\/\/www.grancafe.com.br\/wp-content\/uploads\/2023\/05\/visao-12x12.png 12w, https:\/\/www.grancafe.com.br\/wp-content\/uploads\/2023\/05\/visao-120x120.png 120w\" sizes=\"(max-width: 142px) 100vw, 142px\" \/><\/div>\n\t\t<\/figure>\n\t<\/div>\n<div class=\"vc_empty_space\"   style=\"height: 20px\"><span class=\"vc_empty_space_inner\"><\/span><\/div>\n\t<div class=\"wpb_text_column wpb_content_element \" >\n\t\t<div class=\"wpb_wrapper\">\n\t\t\t<h3 style=\"text-align: center;\">VIS\u00c3O<\/h3>\n<p style=\"text-align: center;\">Ser uma empresa de refer\u00eancia no mercado interno e externo, comercializando produtos de qualidade mediante tecnologia e processos de alto padr\u00e3o.<\/p>\n\n\t\t<\/div>\n\t<\/div>\n<\/div><\/div><div class=\"nt-column col-sm-4\"><div class=\"nt-shortcode-wrapper \">\n\t<div  class=\"wpb_single_image wpb_content_element vc_align_center\">\n\t\t\n\t\t<figure class=\"wpb_wrapper vc_figure\">\n\t\t\t<div class=\"vc_single_image-wrapper   vc_box_border_grey\"><img width=\"142\" height=\"142\" src=\"https:\/\/www.grancafe.com.br\/wp-content\/uploads\/2023\/05\/valores.png\" class=\"vc_single_image-img attachment-thumbnail\" alt=\"\" decoding=\"async\" loading=\"lazy\" srcset=\"https:\/\/www.grancafe.com.br\/wp-content\/uploads\/2023\/05\/valores.png 142w, https:\/\/www.grancafe.com.br\/wp-content\/uploads\/2023\/05\/valores-12x12.png 12w, https:\/\/www.grancafe.com.br\/wp-content\/uploads\/2023\/05\/valores-120x120.png 120w\" sizes=\"(max-width: 142px) 100vw, 142px\" \/><\/div>\n\t\t<\/figure>\n\t<\/div>\n<div class=\"vc_empty_space\"   style=\"height: 20px\"><span class=\"vc_empty_space_inner\"><\/span><\/div>\n\t<div class=\"wpb_text_column wpb_content_element \" >\n\t\t<div class=\"wpb_wrapper\">\n\t\t\t<h3 style=\"text-align: center;\">VALORES<\/h3>\n<p style=\"text-align: center;\">Comprometimento com colaboradores, fornecedores e clientes, confiabilidade, responsabilidade social e ambiental e \u00e9tica.<\/p>\n\n\t\t<\/div>\n\t<\/div>\n<\/div><\/div><div class=\"nt-column col-sm-12\"><div class=\"nt-shortcode-wrapper \">\n\t<div class=\"wpb_text_column wpb_content_element \" >\n\t\t<div class=\"wpb_wrapper\">\n\t\t\t<h3 style=\"text-align: center;\">POL\u00cdTICA DE QUALIDADE E SEGURAN\u00c7A DOS ALIMENTOS<\/h3>\n<p class=\"cvGsUA direction-ltr align-start para-style-body\"><span class=\"OYPEnA font-feature-liga-off font-feature-clig-off font-feature-calt-off text-decoration-none text-strikethrough-none\">A Grancaf\u00e9, comprometido com a qualidade e a seguran\u00e7a de seus produtos, assume como compromisso:<\/span><\/p>\n<p class=\"cvGsUA direction-ltr align-start para-style-body\"><span class=\"OYPEnA font-feature-liga-off font-feature-clig-off font-feature-calt-off text-decoration-none text-strikethrough-none\">1) Atender aos requisitos de clientes, estatut\u00e1rios, legais e religiosos, considerando o compromisso com a produ\u00e7\u00e3o de alimentos seguros e com excel\u00eancia em qualidade;<\/span><\/p>\n<p class=\"cvGsUA direction-ltr align-start para-style-body\"><span class=\"OYPEnA font-feature-liga-off font-feature-clig-off font-feature-calt-off text-decoration-none text-strikethrough-none\">2) Garantir adequada comunica\u00e7\u00e3o, mantendo a compet\u00eancia de seus times de trabalho e influenciando seus fornecedores a elevarem seus padr\u00f5es na produ\u00e7\u00e3o prim\u00e1ria;<\/span><\/p>\n<p class=\"cvGsUA direction-ltr align-start para-style-body\"><span class=\"OYPEnA font-feature-liga-off font-feature-clig-off font-feature-calt-off text-decoration-none text-strikethrough-none\">3) N\u00e3o se estagnar, buscando sempre a melhoria cont\u00ednua.<\/span><\/p>\n<p class=\"cvGsUA direction-ltr align-start para-style-body\"><span class=\"OYPEnA font-feature-liga-off font-feature-clig-off font-feature-calt-off text-decoration-none text-strikethrough-none\">4) Buscar constantemente a redu\u00e7\u00e3o de perdas de produtos.<\/span><\/p>\n\n\t\t<\/div>\n\t<\/div>\n<div class=\"vc_empty_space\"   style=\"height: 20px\"><span class=\"vc_empty_space_inner\"><\/span><\/div><\/div><\/div><\/div><\/div><\/div><div class=\"nt_clearfix\"><\/div><div class=\"agro-section-wrapper section section--dark-bg vc_custom_1684764670671 nt-has-fill nt_section_15413386 nt-has-responsive-data\" data-res-css=\"@media (max-width: 992px) {.nt_section_15413386{ padding-bottom: 84px !important; }} @media (max-width: 768px) {.nt_section_15413386{ padding-bottom: 54px !important; }}\"><div class=\"section-heading--white nt-column col-sm-12\"><div class=\"nt-shortcode-wrapper vc_custom_1684764974856\"><div class=\"section-heading section-heading--center item_69d9fd5e95263\" data-res-css=\"     \" data-aos=\"fade\"><h2 class=\"__title\">ENTRE <span>EM CONTATO<\/span><\/h2><\/div>\n<div class=\"wpcf7 no-js\" id=\"wpcf7-f12-o1\" lang=\"en-US\" dir=\"ltr\">\n<div class=\"screen-reader-response\"><p role=\"status\" aria-live=\"polite\" aria-atomic=\"true\"><\/p> <ul><\/ul><\/div>\n<form action=\"\/index.php?rest_route=%2Fwp%2Fv2%2Fpages%2F1045#wpcf7-f12-o1\" method=\"post\" class=\"wpcf7-form init\" aria-label=\"Contact form\" novalidate=\"novalidate\" data-status=\"init\">\n<div style=\"display: none;\">\n<input type=\"hidden\" name=\"_wpcf7\" value=\"12\" \/>\n<input type=\"hidden\" name=\"_wpcf7_version\" value=\"5.7.7\" \/>\n<input type=\"hidden\" name=\"_wpcf7_locale\" value=\"en_US\" \/>\n<input type=\"hidden\" name=\"_wpcf7_unit_tag\" value=\"wpcf7-f12-o1\" \/>\n<input type=\"hidden\" name=\"_wpcf7_container_post\" value=\"0\" \/>\n<input type=\"hidden\" name=\"_wpcf7_posted_data_hash\" value=\"\" \/>\n<\/div>\n<div class=\"contact-form js-contact-form\" data-aos=\"fade\">\n\t<div class=\"row\">\n\t\t<div class=\"col-12 col-md-6\">\n\t\t\t<div class=\"input-wrp\">\n\t\t\t\t<p><span class=\"wpcf7-form-control-wrap\" data-name=\"text-787\"><input size=\"40\" class=\"wpcf7-form-control wpcf7-text wpcf7-validates-as-required textfield\" aria-required=\"true\" aria-invalid=\"false\" placeholder=\"Nome\" value=\"\" type=\"text\" name=\"text-787\" \/><\/span>\n\t\t\t\t<\/p>\n\t\t\t<\/div>\n\t\t<\/div>\n\t\t<div class=\"col-12 col-md-6\">\n\t\t\t<div class=\"input-wrp\">\n\t\t\t\t<p><span class=\"wpcf7-form-control-wrap\" data-name=\"text-787\"><input size=\"40\" class=\"wpcf7-form-control wpcf7-text wpcf7-validates-as-required textfield\" aria-required=\"true\" aria-invalid=\"false\" placeholder=\"E-mail\" value=\"\" type=\"text\" name=\"text-787\" \/><\/span>\n\t\t\t\t<\/p>\n\t\t\t<\/div>\n\t\t<\/div>\n\t<\/div>\n\t<div class=\"input-wrp\">\n\t\t<p><span class=\"wpcf7-form-control-wrap\" data-name=\"textarea-212\"><textarea cols=\"10\" rows=\"2\" class=\"wpcf7-form-control wpcf7-textarea wpcf7-validates-as-required textfield\" aria-required=\"true\" aria-invalid=\"false\" placeholder=\"Comentarios\" name=\"textarea-212\"><\/textarea><\/span>\n\t\t<\/p>\n\t<\/div>\n\t<p><input class=\"wpcf7-form-control has-spinner wpcf7-submit custom-btn custom-btn--medium custom-btn--style-3 wide send-form-btn\" type=\"submit\" value=\"Enviar\" \/>\n\t<\/p>\n<\/div><div class=\"wpcf7-response-output\" aria-hidden=\"true\"><\/div>\n<\/form>\n<\/div>\n<\/div><\/div><\/div><div class=\"nt_clearfix\"><\/div><div class=\"agro-section-wrapper\"><div class=\"nt-column\"><div class=\"nt-shortcode-wrapper \">\n\t<div class=\"wpb_text_column wpb_content_element \" >\n\t\t<div class=\"wpb_wrapper\">\n\t\t\t<div class=\"leaflet-map WPLeafletMap\" style=\"height:480px; width:100%;\"><\/div><script>\nwindow.WPLeafletMapPlugin = window.WPLeafletMapPlugin || [];\nwindow.WPLeafletMapPlugin.push(function WPLeafletMapShortcode() {\/*<script>*\/\nvar baseUrl = atob('aHR0cHM6Ly97c30udGlsZS5vcGVuc3RyZWV0bWFwLm9yZy97en0ve3h9L3t5fS5wbmc=');\nvar base = (!baseUrl && window.MQ) ? \n    window.MQ.mapLayer() : L.tileLayer(baseUrl, \n        L.Util.extend({}, {\n            detectRetina: 0,\n        }, \n        {\"subdomains\":\"abc\",\"noWrap\":false}        )\n    );\n    var options = L.Util.extend({}, {\n        layers: [base],\n        attributionControl: false\n    }, \n    {\"zoomControl\":false,\"scrollWheelZoom\":true,\"doubleClickZoom\":false,\"fitBounds\":false,\"minZoom\":0,\"maxZoom\":19,\"maxBounds\":null,\"attribution\":\"\"}, \n    {});\nwindow.WPLeafletMapPlugin.createMap(options).setView([-19.337547732658,-40.067117214203],8);});<\/script><br \/>\n<script>\nwindow.WPLeafletMapPlugin = window.WPLeafletMapPlugin || [];\nwindow.WPLeafletMapPlugin.push(function WPLeafletMarkerShortcode() {\/*<script>*\/\nvar map = window.WPLeafletMapPlugin.getCurrentMap();\nvar group = window.WPLeafletMapPlugin.getCurrentGroup();\nvar marker_options = window.WPLeafletMapPlugin.getIconOptions({});\nvar marker = L.marker(\n    [-19.337547732658,-40.067117214203], \n    marker_options\n);\nvar is_image = map.is_image_map;\nif (marker_options.draggable) {\n    marker.on('dragend', function () {\n        var latlng = this.getLatLng();\n        var lat = latlng.lat;\n        var lng = latlng.lng;\n        if (is_image) {\n            console.log('leaflet-marker y=' + lat + ' x=' + lng);\n        } else {\n            console.log('leaflet-marker lat=' + lat + ' lng=' + lng);\n        }\n    });\n}\nmarker.addTo( group );\nwindow.WPLeafletMapPlugin.markers.push( marker );\n        });<\/script><\/p>\n\n\t\t<\/div>\n\t<\/div>\n<\/div><\/div><\/div><div class=\"nt_clearfix\"><\/div>\n","protected":false},"excerpt":{"rendered":"UM POUCO DA HIST\u00d3RIA DA GRANCAF\u00c9 A Grancaf\u00e9 \u00e9 uma empresa familiar brasileira focada no agroneg\u00f3cio com quase 40 anos de uma s\u00f3lida experi\u00eancia na comercializa\u00e7\u00e3o de caf\u00e9, pimenta-do-reino, cacau e cravo-da-\u00edndia. Sua meta \u00e9 entregar ao mercado produtos dentro dos mais altos padr\u00f5es de qualidade, sustentabilidade, rastreabilidade e seguran\u00e7a alimentar. Sendo assim, conta com...","protected":false},"author":1,"featured_media":0,"parent":0,"menu_order":0,"comment_status":"closed","ping_status":"closed","template":"custom-page.php","meta":[],"_links":{"self":[{"href":"https:\/\/www.grancafe.com.br\/index.php?rest_route=\/wp\/v2\/pages\/1045"}],"collection":[{"href":"https:\/\/www.grancafe.com.br\/index.php?rest_route=\/wp\/v2\/pages"}],"about":[{"href":"https:\/\/www.grancafe.com.br\/index.php?rest_route=\/wp\/v2\/types\/page"}],"author":[{"embeddable":true,"href":"https:\/\/www.grancafe.com.br\/index.php?rest_route=\/wp\/v2\/users\/1"}],"replies":[{"embeddable":true,"href":"https:\/\/www.grancafe.com.br\/index.php?rest_route=%2Fwp%2Fv2%2Fcomments&post=1045"}],"version-history":[{"count":96,"href":"https:\/\/www.grancafe.com.br\/index.php?rest_route=\/wp\/v2\/pages\/1045\/revisions"}],"predecessor-version":[{"id":1922,"href":"https:\/\/www.grancafe.com.br\/index.php?rest_route=\/wp\/v2\/pages\/1045\/revisions\/1922"}],"wp:attachment":[{"href":"https:\/\/www.grancafe.com.br\/index.php?rest_route=%2Fwp%2Fv2%2Fmedia&parent=1045"}],"curies":[{"name":"wp","href":"https:\/\/api.w.org\/{rel}","templated":true}]}}